{"id":19258,"date":"2024-09-26T14:01:39","date_gmt":"2024-09-26T06:01:39","guid":{"rendered":"https:\/\/coolifycool.com\/?page_id=19258"},"modified":"2024-09-26T14:01:39","modified_gmt":"2024-09-26T06:01:39","slug":"faq-3","status":"publish","type":"page","link":"https:\/\/coolifycool.com\/de\/faq-3\/","title":{"rendered":"FAQ"},"content":{"rendered":"\t\t<div data-elementor-type=\"wp-page\" data-elementor-id=\"19258\" class=\"elementor elementor-19258 elementor-19257\" data-elementor-post-type=\"page\">\n\t\t\t\t<div class=\"elementor-element elementor-element-3dd8278 e-con-full pagetitle e-flex e-con e-parent\" data-id=\"3dd8278\" data-element_type=\"container\" data-settings=\"{&quot;background_background&quot;:&quot;classic&quot;,&quot;background_motion_fx_motion_fx_scrolling&quot;:&quot;yes&quot;,&quot;background_motion_fx_scale_effect&quot;:&quot;yes&quot;,&quot;background_motion_fx_scale_range&quot;:{&quot;unit&quot;:&quot;%&quot;,&quot;size&quot;:&quot;&quot;,&quot;sizes&quot;:{&quot;start&quot;:50,&quot;end&quot;:100}},&quot;background_motion_fx_scale_direction&quot;:&quot;out-in&quot;,&quot;background_motion_fx_scale_speed&quot;:{&quot;unit&quot;:&quot;px&quot;,&quot;size&quot;:4,&quot;sizes&quot;:[]},&quot;background_motion_fx_devices&quot;:[&quot;desktop&quot;,&quot;tablet_extra&quot;,&quot;tablet&quot;,&quot;mobile_extra&quot;,&quot;mobile&quot;]}\">\n\t\t\t\t<\/div>\n\t\t<div class=\"elementor-element elementor-element-8544a3d e-con-full firstscreen e-flex e-con e-parent\" data-id=\"8544a3d\" data-element_type=\"container\" data-settings=\"{&quot;background_background&quot;:&quot;classic&quot;}\">\n\t\t<div class=\"elementor-element elementor-element-d766717 e-flex e-con-boxed e-con e-child\" data-id=\"d766717\" data-element_type=\"container\" data-settings=\"{&quot;background_background&quot;:&quot;classic&quot;}\">\n\t\t\t\t\t<div class=\"e-con-inner\">\n\t\t\t\t\t<\/div>\n\t\t\t\t<\/div>\n\t\t\t\t<\/div>\n\t\t<div class=\"elementor-element elementor-element-475a219 faq e-flex e-con-boxed e-con e-parent\" data-id=\"475a219\" data-element_type=\"container\">\n\t\t\t\t\t<div class=\"e-con-inner\">\n\t\t<div class=\"elementor-element elementor-element-a486eb4 e-flex e-con-boxed e-con e-child\" data-id=\"a486eb4\" data-element_type=\"container\">\n\t\t\t\t\t<div class=\"e-con-inner\">\n\t\t\t\t<div class=\"elementor-element elementor-element-e77aec8 elementor-widget__width-initial elementor-widget elementor-widget-text-editor\" data-id=\"e77aec8\" data-element_type=\"widget\" data-widget_type=\"text-editor.default\">\n\t\t\t\t<div class=\"elementor-widget-container\">\n\t\t\t<style>\/*! elementor - v3.23.0 - 05-08-2024 *\/\n.elementor-widget-text-editor.elementor-drop-cap-view-stacked .elementor-drop-cap{background-color:#69727d;color:#fff}.elementor-widget-text-editor.elementor-drop-cap-view-framed .elementor-drop-cap{color:#69727d;border:3px solid;background-color:transparent}.elementor-widget-text-editor:not(.elementor-drop-cap-view-default) .elementor-drop-cap{margin-top:8px}.elementor-widget-text-editor:not(.elementor-drop-cap-view-default) .elementor-drop-cap-letter{width:1em;height:1em}.elementor-widget-text-editor .elementor-drop-cap{float:left;text-align:center;line-height:1;font-size:50px}.elementor-widget-text-editor .elementor-drop-cap-letter{display:inline-block}<\/style>\t\t\t\t<p style=\"text-align: center;\">Willkommen auf der COOLIFY FAQ-Seite.<br \/>\nHier finden Sie Antworten auf einige der am h\u00e4ufigsten gestellten Fragen zu unseren Produkten und Dienstleistungen.<br \/>\nWenn Sie die gesuchte Antwort nicht finden, k\u00f6nnen Sie uns gerne kontaktieren.  <\/p>\n\t\t\t\t\t\t<\/div>\n\t\t\t\t<\/div>\n\t\t\t\t<div class=\"elementor-element elementor-element-9608671 elementor-widget__width-initial elementor-widget elementor-widget-text-editor\" data-id=\"9608671\" data-element_type=\"widget\" data-widget_type=\"text-editor.default\">\n\t\t\t\t<div class=\"elementor-widget-container\">\n\t\t\t\t\t\t\t<p style=\"text-align: center;\">Your warranty claim: Warranty period (years) : 1<\/p>\n\t\t\t\t\t\t<\/div>\n\t\t\t\t<\/div>\n\t\t\t\t\t<\/div>\n\t\t\t\t<\/div>\n\t\t<div class=\"elementor-element elementor-element-97678dd e-con-full e-flex e-con e-child\" data-id=\"97678dd\" data-element_type=\"container\">\n\t\t\t\t<div class=\"elementor-element elementor-element-4e57182 qacategory elementor-widget elementor-widget-heading\" data-id=\"4e57182\" data-element_type=\"widget\" data-widget_type=\"heading.default\">\n\t\t\t\t<div class=\"elementor-widget-container\">\n\t\t\t<style>\/*! elementor - v3.23.0 - 05-08-2024 *\/\n.elementor-heading-title{padding:0;margin:0;line-height:1}.elementor-widget-heading .elementor-heading-title[class*=elementor-size-]>a{color:inherit;font-size:inherit;line-height:inherit}.elementor-widget-heading .elementor-heading-title.elementor-size-small{font-size:15px}.elementor-widget-heading .elementor-heading-title.elementor-size-medium{font-size:19px}.elementor-widget-heading .elementor-heading-title.elementor-size-large{font-size:29px}.elementor-widget-heading .elementor-heading-title.elementor-size-xl{font-size:39px}.elementor-widget-heading .elementor-heading-title.elementor-size-xxl{font-size:59px}<\/style><h3 class=\"elementor-heading-title elementor-size-default\">Allgemeine Fragen<\/h3>\t\t<\/div>\n\t\t\t\t<\/div>\n\t\t<div class=\"elementor-element elementor-element-fcc1b5c e-con-full e-flex e-con e-child\" data-id=\"fcc1b5c\" data-element_type=\"container\">\n\t\t\t\t<div class=\"elementor-element elementor-element-6bc3308 elementor-widget elementor-widget-text-editor\" data-id=\"6bc3308\" data-element_type=\"widget\" data-widget_type=\"text-editor.default\">\n\t\t\t\t<div class=\"elementor-widget-container\">\n\t\t\t\t\t\t\t<p>A: COOLIFY ist ein Technologieunternehmen, das sich der Entwicklung innovativer und leistungsstarker K\u00fchll\u00f6sungen f\u00fcr Gamer verschrieben hat.<br \/>\nUnser Vorzeigeprodukt, der Holo Fan, integriert eine Hologramm-Projektionsvorrichtung, um Ihr Spielerlebnis zu verbessern. <\/p>\n\t\t\t\t\t\t<\/div>\n\t\t\t\t<\/div>\n\t\t\t\t<\/div>\n\t\t\t\t<\/div>\n\t\t<div class=\"elementor-element elementor-element-26a35d6 e-con-full e-flex e-con e-child\" data-id=\"26a35d6\" data-element_type=\"container\">\n\t\t\t\t<div class=\"elementor-element elementor-element-e0bdd7e qacategory elementor-widget elementor-widget-heading\" data-id=\"e0bdd7e\" data-element_type=\"widget\" data-widget_type=\"heading.default\">\n\t\t\t\t<div class=\"elementor-widget-container\">\n\t\t\t<h3 class=\"elementor-heading-title elementor-size-default\">Produkt-Informationen<\/h3>\t\t<\/div>\n\t\t\t\t<\/div>\n\t\t<div class=\"elementor-element elementor-element-34b2bbe e-con-full e-flex e-con e-child\" data-id=\"34b2bbe\" data-element_type=\"container\">\n\t\t\t\t<div class=\"elementor-element elementor-element-8198516 elementor-widget elementor-widget-text-editor\" data-id=\"8198516\" data-element_type=\"widget\" data-widget_type=\"text-editor.default\">\n\t\t\t\t<div class=\"elementor-widget-container\">\n\t\t\t\t\t\t\t<p>A: Der Holo Fan ist unser Vorzeigeprodukt, ein hochmoderner L\u00fcfter, der mit einem Hologramm-Projektionsger\u00e4t ausgestattet ist.<br \/>\nEr wurde entwickelt, um eine \u00fcberragende K\u00fchlleistung zu bieten und gleichzeitig ein einzigartiges visuelles Element in Ihr Gaming-System zu integrieren.   <\/p>\n\t\t\t\t\t\t<\/div>\n\t\t\t\t<\/div>\n\t\t\t\t<\/div>\n\t\t\t\t<\/div>\n\t\t<div class=\"elementor-element elementor-element-d573525 e-con-full e-flex e-con e-child\" data-id=\"d573525\" data-element_type=\"container\">\n\t\t\t\t<div class=\"elementor-element elementor-element-ea288f2 qacategory elementor-widget elementor-widget-heading\" data-id=\"ea288f2\" data-element_type=\"widget\" data-widget_type=\"heading.default\">\n\t\t\t\t<div class=\"elementor-widget-container\">\n\t\t\t<h3 class=\"elementor-heading-title elementor-size-default\">Einkauf und Bestellungen<\/h3>\t\t<\/div>\n\t\t\t\t<\/div>\n\t\t<div class=\"elementor-element elementor-element-35f51a1 e-con-full e-flex e-con e-child\" data-id=\"35f51a1\" data-element_type=\"container\">\n\t\t\t\t<div class=\"elementor-element elementor-element-6d2e849 elementor-widget elementor-widget-text-editor\" data-id=\"6d2e849\" data-element_type=\"widget\" data-widget_type=\"text-editor.default\">\n\t\t\t\t<div class=\"elementor-widget-container\">\n\t\t\t\t\t\t\t<p>A: Sie k\u00f6nnen COOLIFY-Produkte direkt \u00fcber unsere Online-Website oder \u00fcber autorisierte H\u00e4ndler, die auf unserer Website aufgef\u00fchrt sind, erwerben.  <\/p>\n\t\t\t\t\t\t<\/div>\n\t\t\t\t<\/div>\n\t\t\t\t<\/div>\n\t\t<div class=\"elementor-element elementor-element-a4fb1ae e-con-full e-flex e-con e-child\" data-id=\"a4fb1ae\" data-element_type=\"container\">\n\t\t\t\t<div class=\"elementor-element elementor-element-6d7312b elementor-widget elementor-widget-text-editor\" data-id=\"6d7312b\" data-element_type=\"widget\" data-widget_type=\"text-editor.default\">\n\t\t\t\t<div class=\"elementor-widget-container\">\n\t\t\t\t\t\t\t<p>A: Wir bieten ein 30-t\u00e4giges R\u00fcckgaberecht f\u00fcr alle COOLIFY-Produkte.<br \/>\nF\u00fcr weitere Details besuchen Sie bitte unsere Seite R\u00fcckgaberecht. <\/p>\n\t\t\t\t\t\t<\/div>\n\t\t\t\t<\/div>\n\t\t\t\t<\/div>\n\t\t\t\t<\/div>\n\t\t<div class=\"elementor-element elementor-element-a5eb1a6 e-con-full e-flex e-con e-child\" data-id=\"a5eb1a6\" data-element_type=\"container\">\n\t\t\t\t<div class=\"elementor-element elementor-element-d6f0d9f qacategory elementor-widget elementor-widget-heading\" data-id=\"d6f0d9f\" data-element_type=\"widget\" data-widget_type=\"heading.default\">\n\t\t\t\t<div class=\"elementor-widget-container\">\n\t\t\t<h3 class=\"elementor-heading-title elementor-size-default\">Support und Garantie<\/h3>\t\t<\/div>\n\t\t\t\t<\/div>\n\t\t<div class=\"elementor-element elementor-element-bd16579 e-con-full e-flex e-con e-child\" data-id=\"bd16579\" data-element_type=\"container\">\n\t\t\t\t<div class=\"elementor-element elementor-element-2174592 elementor-widget elementor-widget-text-editor\" data-id=\"2174592\" data-element_type=\"widget\" data-widget_type=\"text-editor.default\">\n\t\t\t\t<div class=\"elementor-widget-container\">\n\t\t\t\t\t\t\t<p>A: Sie k\u00f6nnen unser Support-Team per E-Mail erreichen unter <a href=\"mailto:support@coolifycool.com\" target=\"_blank\" rel=\"noopener\"><span style=\"color: #2d94ed;\">support@coolifycool.com<\/span><\/a>oder per Telefon unter <span style=\"color: #2d94ed;\"><a style=\"color: #2d94ed;\" href=\"tel:+1510498888\" target=\"_blank\" rel=\"noopener\">(510) 498-8888<\/a><\/span>oder \u00fcber unsere Live-Chat-Funktion auf der Website.  <\/p>\n\t\t\t\t\t\t<\/div>\n\t\t\t\t<\/div>\n\t\t\t\t<\/div>\n\t\t\t\t<\/div>\n\t\t<div class=\"elementor-element elementor-element-5bd3aad e-con-full e-flex e-con e-child\" data-id=\"5bd3aad\" data-element_type=\"container\">\n\t\t\t\t<div class=\"elementor-element elementor-element-715f930 qacategory elementor-widget elementor-widget-heading\" data-id=\"715f930\" data-element_type=\"widget\" data-widget_type=\"heading.default\">\n\t\t\t\t<div class=\"elementor-widget-container\">\n\t\t\t<h3 class=\"elementor-heading-title elementor-size-default\">Partnerschaften und Kooperationen<\/h3>\t\t<\/div>\n\t\t\t\t<\/div>\n\t\t<div class=\"elementor-element elementor-element-8030e22 e-con-full e-flex e-con e-child\" data-id=\"8030e22\" data-element_type=\"container\">\n\t\t\t\t<div class=\"elementor-element elementor-element-09a8a23 elementor-widget elementor-widget-text-editor\" data-id=\"09a8a23\" data-element_type=\"widget\" data-widget_type=\"text-editor.default\">\n\t\t\t\t<div class=\"elementor-widget-container\">\n\t\t\t\t\t\t\t<p>A: Wir sind immer auf der Suche nach spannenden Partnerschaftsm\u00f6glichkeiten.<br \/>\nWenn Sie an einer Zusammenarbeit mit COOLIFY interessiert sind, wenden Sie sich bitte an uns unter <a href=\"mailto:support@coolifycool.com\" target=\"_blank\" rel=\"noopener\"><span style=\"color: #2d94ed;\">support@coolifycool.com<\/span><\/a>.   <\/p>\n\t\t\t\t\t\t<\/div>\n\t\t\t\t<\/div>\n\t\t\t\t<\/div>\n\t\t\t\t<\/div>\n\t\t<div class=\"elementor-element elementor-element-e5d6bca e-con-full e-flex e-con e-child\" data-id=\"e5d6bca\" data-element_type=\"container\">\n\t\t\t\t<div class=\"elementor-element elementor-element-0b6b3c6 qacategory elementor-widget elementor-widget-heading\" data-id=\"0b6b3c6\" data-element_type=\"widget\" data-widget_type=\"heading.default\">\n\t\t\t\t<div class=\"elementor-widget-container\">\n\t\t\t<h3 class=\"elementor-heading-title elementor-size-default\">OEM\/ODM Dienstleistungen<\/h3>\t\t<\/div>\n\t\t\t\t<\/div>\n\t\t<div class=\"elementor-element elementor-element-4c633b4 e-con-full e-flex e-con e-child\" data-id=\"4c633b4\" data-element_type=\"container\">\n\t\t\t\t<div class=\"elementor-element elementor-element-433cee5 elementor-widget elementor-widget-text-editor\" data-id=\"433cee5\" data-element_type=\"widget\" data-widget_type=\"text-editor.default\">\n\t\t\t\t<div class=\"elementor-widget-container\">\n\t\t\t\t\t\t\t<p>A: Ja, COOLIFY bietet OEM- (Original Equipment Manufacturer) und ODM- (Original Design Manufacturer) Dienstleistungen an.<br \/>\nWenn Sie an der Anpassung oder Entwicklung von K\u00fchll\u00f6sungen unter Ihrer eigenen Marke interessiert sind, kontaktieren Sie uns bitte unter <a href=\"mailto:support@coolifycool.com\" target=\"_blank\" rel=\"noopener\"><span style=\"color: #2d94ed;\">support@coolifycool.com<\/span><\/a> um weitere Informationen \u00fcber unsere OEM\/ODM-M\u00f6glichkeiten zu erhalten. <\/p>\n\t\t\t\t\t\t<\/div>\n\t\t\t\t<\/div>\n\t\t\t\t<\/div>\n\t\t<div class=\"elementor-element elementor-element-4d0c410 e-con-full e-flex e-con e-child\" data-id=\"4d0c410\" data-element_type=\"container\">\n\t\t\t\t<div class=\"elementor-element elementor-element-41c892f elementor-widget elementor-widget-text-editor\" data-id=\"41c892f\" data-element_type=\"widget\" data-widget_type=\"text-editor.default\">\n\t\t\t\t<div class=\"elementor-widget-container\">\n\t\t\t\t\t\t\t<p>\u00a9 2024 COOLIFY, USA<\/p>\n\t\t\t\t\t\t<\/div>\n\t\t\t\t<\/div>\n\t\t\t\t<\/div>\n\t\t\t\t<\/div>\n\t\t\t\t\t<\/div>\n\t\t\t\t<\/div>\n\t\t\t\t<\/div>\n\t\t","protected":false},"excerpt":{"rendered":"<p>Willkommen auf der COOLIFY FAQ-Seite. Hier finden Sie Antworten auf einige der am h\u00e4ufigsten gestellten Fragen zu unseren Produkten und Dienstleistungen. Wenn Sie die gesuchte Antwort nicht finden, k\u00f6nnen Sie uns gerne kontaktieren. Your warranty claim: Warranty period (years) : 1 Allgemeine Fragen A: COOLIFY ist ein Technologieunternehmen, das sich der Entwicklung innovativer und leistungsstarker [&hellip;]<\/p>\n","protected":false},"author":3,"featured_media":0,"parent":0,"menu_order":0,"comment_status":"closed","ping_status":"closed","template":"elementor_header_footer","meta":{"inline_featured_image":false,"footnotes":""},"class_list":["post-19258","page","type-page","status-publish","hentry"],"yoast_head":"<!-- This site is optimized with the Yoast SEO plugin v23.4 - https:\/\/yoast.com\/wordpress\/plugins\/seo\/ -->\n<title>FAQ - COOLIFY<\/title>\n<meta name=\"robots\" content=\"index, follow, max-snippet:-1, max-image-preview:large, max-video-preview:-1\" \/>\n<link rel=\"canonical\" href=\"https:\/\/coolifycool.com\/de\/faq-3\/\" \/>\n<meta property=\"og:locale\" content=\"de_DE\" \/>\n<meta property=\"og:type\" content=\"article\" \/>\n<meta property=\"og:title\" content=\"FAQ - COOLIFY\" \/>\n<meta property=\"og:description\" content=\"Willkommen auf der COOLIFY FAQ-Seite. Hier finden Sie Antworten auf einige der am h\u00e4ufigsten gestellten Fragen zu unseren Produkten und Dienstleistungen. Wenn Sie die gesuchte Antwort nicht finden, k\u00f6nnen Sie uns gerne kontaktieren. Your warranty claim: Warranty period (years) : 1 Allgemeine Fragen A: COOLIFY ist ein Technologieunternehmen, das sich der Entwicklung innovativer und leistungsstarker [&hellip;]\" \/>\n<meta property=\"og:url\" content=\"https:\/\/coolifycool.com\/de\/faq-3\/\" \/>\n<meta property=\"og:site_name\" content=\"COOLIFY\" \/>\n<meta name=\"twitter:card\" content=\"summary_large_image\" \/>\n<meta name=\"twitter:label1\" content=\"Gesch\u00e4tzte Lesezeit\" \/>\n\t<meta name=\"twitter:data1\" content=\"1\u00a0Minute\" \/>\n<script type=\"application\/ld+json\" class=\"yoast-schema-graph\">{\"@context\":\"https:\/\/schema.org\",\"@graph\":[{\"@type\":\"Article\",\"@id\":\"https:\/\/coolifycool.com\/de\/faq-3\/#article\",\"isPartOf\":{\"@id\":\"https:\/\/coolifycool.com\/de\/faq-3\/\"},\"author\":{\"name\":\"jason\",\"@id\":\"https:\/\/coolifycool.com\/de\/#\/schema\/person\/803384f58f7cc98a8fbe3e7b4bd51b6b\"},\"headline\":\"FAQ\",\"datePublished\":\"2024-09-26T06:01:39+00:00\",\"dateModified\":\"2024-09-26T06:01:39+00:00\",\"mainEntityOfPage\":{\"@id\":\"https:\/\/coolifycool.com\/de\/faq-3\/\"},\"wordCount\":280,\"publisher\":{\"@id\":\"https:\/\/coolifycool.com\/de\/#organization\"},\"inLanguage\":\"de\"},{\"@type\":\"WebPage\",\"@id\":\"https:\/\/coolifycool.com\/de\/faq-3\/\",\"url\":\"https:\/\/coolifycool.com\/de\/faq-3\/\",\"name\":\"FAQ - COOLIFY\",\"isPartOf\":{\"@id\":\"https:\/\/coolifycool.com\/de\/#website\"},\"datePublished\":\"2024-09-26T06:01:39+00:00\",\"dateModified\":\"2024-09-26T06:01:39+00:00\",\"breadcrumb\":{\"@id\":\"https:\/\/coolifycool.com\/de\/faq-3\/#breadcrumb\"},\"inLanguage\":\"de\",\"potentialAction\":[{\"@type\":\"ReadAction\",\"target\":[\"https:\/\/coolifycool.com\/de\/faq-3\/\"]}]},{\"@type\":\"BreadcrumbList\",\"@id\":\"https:\/\/coolifycool.com\/de\/faq-3\/#breadcrumb\",\"itemListElement\":[{\"@type\":\"ListItem\",\"position\":1,\"name\":\"\u9996\u9801\",\"item\":\"https:\/\/coolifycool.com\/de\/\"},{\"@type\":\"ListItem\",\"position\":2,\"name\":\"FAQ\"}]},{\"@type\":\"WebSite\",\"@id\":\"https:\/\/coolifycool.com\/de\/#website\",\"url\":\"https:\/\/coolifycool.com\/de\/\",\"name\":\"COOLIFY\",\"description\":\"Hologram 3D Fan\",\"publisher\":{\"@id\":\"https:\/\/coolifycool.com\/de\/#organization\"},\"alternateName\":\"Hologram 3D Fan\",\"potentialAction\":[{\"@type\":\"SearchAction\",\"target\":{\"@type\":\"EntryPoint\",\"urlTemplate\":\"https:\/\/coolifycool.com\/de\/?s={search_term_string}\"},\"query-input\":{\"@type\":\"PropertyValueSpecification\",\"valueRequired\":true,\"valueName\":\"search_term_string\"}}],\"inLanguage\":\"de\"},{\"@type\":\"Organization\",\"@id\":\"https:\/\/coolifycool.com\/de\/#organization\",\"name\":\"COOLIFY\",\"url\":\"https:\/\/coolifycool.com\/de\/\",\"logo\":{\"@type\":\"ImageObject\",\"inLanguage\":\"de\",\"@id\":\"https:\/\/coolifycool.com\/de\/#\/schema\/logo\/image\/\",\"url\":\"https:\/\/coolifycool.com\/wp-content\/uploads\/2025\/10\/logo-2.png\",\"contentUrl\":\"https:\/\/coolifycool.com\/wp-content\/uploads\/2025\/10\/logo-2.png\",\"width\":417,\"height\":100,\"caption\":\"COOLIFY\"},\"image\":{\"@id\":\"https:\/\/coolifycool.com\/de\/#\/schema\/logo\/image\/\"}},{\"@type\":\"Person\",\"@id\":\"https:\/\/coolifycool.com\/de\/#\/schema\/person\/803384f58f7cc98a8fbe3e7b4bd51b6b\",\"name\":\"jason\",\"image\":{\"@type\":\"ImageObject\",\"inLanguage\":\"de\",\"@id\":\"https:\/\/coolifycool.com\/de\/#\/schema\/person\/image\/\",\"url\":\"https:\/\/secure.gravatar.com\/avatar\/617aed13c66077c107899ade80f4131d422b72d638e6b3eeadf0a3a32a474115?s=96&d=mm&r=g\",\"contentUrl\":\"https:\/\/secure.gravatar.com\/avatar\/617aed13c66077c107899ade80f4131d422b72d638e6b3eeadf0a3a32a474115?s=96&d=mm&r=g\",\"caption\":\"jason\"},\"url\":\"https:\/\/coolifycool.com\/de\/author\/jason\/\"}]}<\/script>\n<!-- \/ Yoast SEO plugin. -->","yoast_head_json":{"title":"FAQ - COOLIFY","robots":{"index":"index","follow":"follow","max-snippet":"max-snippet:-1","max-image-preview":"max-image-preview:large","max-video-preview":"max-video-preview:-1"},"canonical":"https:\/\/coolifycool.com\/de\/faq-3\/","og_locale":"de_DE","og_type":"article","og_title":"FAQ - COOLIFY","og_description":"Willkommen auf der COOLIFY FAQ-Seite. Hier finden Sie Antworten auf einige der am h\u00e4ufigsten gestellten Fragen zu unseren Produkten und Dienstleistungen. Wenn Sie die gesuchte Antwort nicht finden, k\u00f6nnen Sie uns gerne kontaktieren. Your warranty claim: Warranty period (years) : 1 Allgemeine Fragen A: COOLIFY ist ein Technologieunternehmen, das sich der Entwicklung innovativer und leistungsstarker [&hellip;]","og_url":"https:\/\/coolifycool.com\/de\/faq-3\/","og_site_name":"COOLIFY","twitter_card":"summary_large_image","twitter_misc":{"Gesch\u00e4tzte Lesezeit":"1\u00a0Minute"},"schema":{"@context":"https:\/\/schema.org","@graph":[{"@type":"Article","@id":"https:\/\/coolifycool.com\/de\/faq-3\/#article","isPartOf":{"@id":"https:\/\/coolifycool.com\/de\/faq-3\/"},"author":{"name":"jason","@id":"https:\/\/coolifycool.com\/de\/#\/schema\/person\/803384f58f7cc98a8fbe3e7b4bd51b6b"},"headline":"FAQ","datePublished":"2024-09-26T06:01:39+00:00","dateModified":"2024-09-26T06:01:39+00:00","mainEntityOfPage":{"@id":"https:\/\/coolifycool.com\/de\/faq-3\/"},"wordCount":280,"publisher":{"@id":"https:\/\/coolifycool.com\/de\/#organization"},"inLanguage":"de"},{"@type":"WebPage","@id":"https:\/\/coolifycool.com\/de\/faq-3\/","url":"https:\/\/coolifycool.com\/de\/faq-3\/","name":"FAQ - COOLIFY","isPartOf":{"@id":"https:\/\/coolifycool.com\/de\/#website"},"datePublished":"2024-09-26T06:01:39+00:00","dateModified":"2024-09-26T06:01:39+00:00","breadcrumb":{"@id":"https:\/\/coolifycool.com\/de\/faq-3\/#breadcrumb"},"inLanguage":"de","potentialAction":[{"@type":"ReadAction","target":["https:\/\/coolifycool.com\/de\/faq-3\/"]}]},{"@type":"BreadcrumbList","@id":"https:\/\/coolifycool.com\/de\/faq-3\/#breadcrumb","itemListElement":[{"@type":"ListItem","position":1,"name":"\u9996\u9801","item":"https:\/\/coolifycool.com\/de\/"},{"@type":"ListItem","position":2,"name":"FAQ"}]},{"@type":"WebSite","@id":"https:\/\/coolifycool.com\/de\/#website","url":"https:\/\/coolifycool.com\/de\/","name":"COOLIFY","description":"Hologram 3D Fan","publisher":{"@id":"https:\/\/coolifycool.com\/de\/#organization"},"alternateName":"Hologram 3D Fan","potentialAction":[{"@type":"SearchAction","target":{"@type":"EntryPoint","urlTemplate":"https:\/\/coolifycool.com\/de\/?s={search_term_string}"},"query-input":{"@type":"PropertyValueSpecification","valueRequired":true,"valueName":"search_term_string"}}],"inLanguage":"de"},{"@type":"Organization","@id":"https:\/\/coolifycool.com\/de\/#organization","name":"COOLIFY","url":"https:\/\/coolifycool.com\/de\/","logo":{"@type":"ImageObject","inLanguage":"de","@id":"https:\/\/coolifycool.com\/de\/#\/schema\/logo\/image\/","url":"https:\/\/coolifycool.com\/wp-content\/uploads\/2025\/10\/logo-2.png","contentUrl":"https:\/\/coolifycool.com\/wp-content\/uploads\/2025\/10\/logo-2.png","width":417,"height":100,"caption":"COOLIFY"},"image":{"@id":"https:\/\/coolifycool.com\/de\/#\/schema\/logo\/image\/"}},{"@type":"Person","@id":"https:\/\/coolifycool.com\/de\/#\/schema\/person\/803384f58f7cc98a8fbe3e7b4bd51b6b","name":"jason","image":{"@type":"ImageObject","inLanguage":"de","@id":"https:\/\/coolifycool.com\/de\/#\/schema\/person\/image\/","url":"https:\/\/secure.gravatar.com\/avatar\/617aed13c66077c107899ade80f4131d422b72d638e6b3eeadf0a3a32a474115?s=96&d=mm&r=g","contentUrl":"https:\/\/secure.gravatar.com\/avatar\/617aed13c66077c107899ade80f4131d422b72d638e6b3eeadf0a3a32a474115?s=96&d=mm&r=g","caption":"jason"},"url":"https:\/\/coolifycool.com\/de\/author\/jason\/"}]}},"_links":{"self":[{"href":"https:\/\/coolifycool.com\/de\/wp-json\/wp\/v2\/pages\/19258","targetHints":{"allow":["GET"]}}],"collection":[{"href":"https:\/\/coolifycool.com\/de\/wp-json\/wp\/v2\/pages"}],"about":[{"href":"https:\/\/coolifycool.com\/de\/wp-json\/wp\/v2\/types\/page"}],"author":[{"embeddable":true,"href":"https:\/\/coolifycool.com\/de\/wp-json\/wp\/v2\/users\/3"}],"replies":[{"embeddable":true,"href":"https:\/\/coolifycool.com\/de\/wp-json\/wp\/v2\/comments?post=19258"}],"version-history":[{"count":1,"href":"https:\/\/coolifycool.com\/de\/wp-json\/wp\/v2\/pages\/19258\/revisions"}],"predecessor-version":[{"id":19268,"href":"https:\/\/coolifycool.com\/de\/wp-json\/wp\/v2\/pages\/19258\/revisions\/19268"}],"wp:attachment":[{"href":"https:\/\/coolifycool.com\/de\/wp-json\/wp\/v2\/media?parent=19258"}],"curies":[{"name":"wp","href":"https:\/\/api.w.org\/{rel}","templated":true}]}}