{"id":17508,"date":"2023-11-20T05:44:10","date_gmt":"2023-11-19T21:44:10","guid":{"rendered":"https:\/\/coolifycool.com\/contactez-nous\/"},"modified":"2024-12-18T14:13:11","modified_gmt":"2024-12-18T06:13:11","slug":"contactez-nous","status":"publish","type":"page","link":"https:\/\/coolifycool.com\/fr\/contactez-nous\/","title":{"rendered":"Contactez nous"},"content":{"rendered":"\t\t<div data-elementor-type=\"wp-page\" data-elementor-id=\"17508\" class=\"elementor elementor-17508 elementor-1219\" data-elementor-post-type=\"page\">\n\t\t\t\t<div class=\"elementor-element elementor-element-6f5d38c3 e-con-full pagetitle e-flex e-con e-parent\" data-id=\"6f5d38c3\" data-element_type=\"container\" data-settings=\"{&quot;background_background&quot;:&quot;classic&quot;,&quot;background_motion_fx_motion_fx_scrolling&quot;:&quot;yes&quot;,&quot;background_motion_fx_scale_effect&quot;:&quot;yes&quot;,&quot;background_motion_fx_scale_range&quot;:{&quot;unit&quot;:&quot;%&quot;,&quot;size&quot;:&quot;&quot;,&quot;sizes&quot;:{&quot;start&quot;:50,&quot;end&quot;:100}},&quot;background_motion_fx_scale_direction&quot;:&quot;out-in&quot;,&quot;background_motion_fx_scale_speed&quot;:{&quot;unit&quot;:&quot;px&quot;,&quot;size&quot;:4,&quot;sizes&quot;:[]},&quot;background_motion_fx_devices&quot;:[&quot;desktop&quot;,&quot;tablet_extra&quot;,&quot;tablet&quot;,&quot;mobile_extra&quot;,&quot;mobile&quot;]}\">\n\t\t\t\t<\/div>\n\t\t<div class=\"elementor-element elementor-element-fa6b447 animation firstscreen e-flex e-con-boxed e-con e-parent\" data-id=\"fa6b447\" data-element_type=\"container\" data-settings=\"{&quot;background_background&quot;:&quot;classic&quot;}\">\n\t\t\t\t\t<div class=\"e-con-inner\">\n\t\t\t\t<div class=\"elementor-element elementor-element-50ebf0d elementor-widget__width-inherit elementor-absolute elementor-widget-divider--view-line elementor-widget elementor-widget-divider\" data-id=\"50ebf0d\" data-element_type=\"widget\" data-settings=\"{&quot;_position&quot;:&quot;absolute&quot;}\" data-widget_type=\"divider.default\">\n\t\t\t\t<div class=\"elementor-widget-container\">\n\t\t\t<style>\/*! elementor - v3.23.0 - 05-08-2024 *\/\n.elementor-widget-divider{--divider-border-style:none;--divider-border-width:1px;--divider-color:#0c0d0e;--divider-icon-size:20px;--divider-element-spacing:10px;--divider-pattern-height:24px;--divider-pattern-size:20px;--divider-pattern-url:none;--divider-pattern-repeat:repeat-x}.elementor-widget-divider .elementor-divider{display:flex}.elementor-widget-divider .elementor-divider__text{font-size:15px;line-height:1;max-width:95%}.elementor-widget-divider .elementor-divider__element{margin:0 var(--divider-element-spacing);flex-shrink:0}.elementor-widget-divider .elementor-icon{font-size:var(--divider-icon-size)}.elementor-widget-divider .elementor-divider-separator{display:flex;margin:0;direction:ltr}.elementor-widget-divider--view-line_icon .elementor-divider-separator,.elementor-widget-divider--view-line_text .elementor-divider-separator{align-items:center}.elementor-widget-divider--view-line_icon .elementor-divider-separator:after,.elementor-widget-divider--view-line_icon .elementor-divider-separator:before,.elementor-widget-divider--view-line_text .elementor-divider-separator:after,.elementor-widget-divider--view-line_text .elementor-divider-separator:before{display:block;content:\"\";border-block-end:0;flex-grow:1;border-block-start:var(--divider-border-width) var(--divider-border-style) var(--divider-color)}.elementor-widget-divider--element-align-left .elementor-divider .elementor-divider-separator>.elementor-divider__svg:first-of-type{flex-grow:0;flex-shrink:100}.elementor-widget-divider--element-align-left .elementor-divider-separator:before{content:none}.elementor-widget-divider--element-align-left .elementor-divider__element{margin-left:0}.elementor-widget-divider--element-align-right .elementor-divider .elementor-divider-separator>.elementor-divider__svg:last-of-type{flex-grow:0;flex-shrink:100}.elementor-widget-divider--element-align-right .elementor-divider-separator:after{content:none}.elementor-widget-divider--element-align-right .elementor-divider__element{margin-right:0}.elementor-widget-divider--element-align-start .elementor-divider .elementor-divider-separator>.elementor-divider__svg:first-of-type{flex-grow:0;flex-shrink:100}.elementor-widget-divider--element-align-start .elementor-divider-separator:before{content:none}.elementor-widget-divider--element-align-start .elementor-divider__element{margin-inline-start:0}.elementor-widget-divider--element-align-end .elementor-divider .elementor-divider-separator>.elementor-divider__svg:last-of-type{flex-grow:0;flex-shrink:100}.elementor-widget-divider--element-align-end .elementor-divider-separator:after{content:none}.elementor-widget-divider--element-align-end .elementor-divider__element{margin-inline-end:0}.elementor-widget-divider:not(.elementor-widget-divider--view-line_text):not(.elementor-widget-divider--view-line_icon) .elementor-divider-separator{border-block-start:var(--divider-border-width) var(--divider-border-style) var(--divider-color)}.elementor-widget-divider--separator-type-pattern{--divider-border-style:none}.elementor-widget-divider--separator-type-pattern.elementor-widget-divider--view-line .elementor-divider-separator,.elementor-widget-divider--separator-type-pattern:not(.elementor-widget-divider--view-line) .elementor-divider-separator:after,.elementor-widget-divider--separator-type-pattern:not(.elementor-widget-divider--view-line) .elementor-divider-separator:before,.elementor-widget-divider--separator-type-pattern:not([class*=elementor-widget-divider--view]) .elementor-divider-separator{width:100%;min-height:var(--divider-pattern-height);-webkit-mask-size:var(--divider-pattern-size) 100%;mask-size:var(--divider-pattern-size) 100%;-webkit-mask-repeat:var(--divider-pattern-repeat);mask-repeat:var(--divider-pattern-repeat);background-color:var(--divider-color);-webkit-mask-image:var(--divider-pattern-url);mask-image:var(--divider-pattern-url)}.elementor-widget-divider--no-spacing{--divider-pattern-size:auto}.elementor-widget-divider--bg-round{--divider-pattern-repeat:round}.rtl .elementor-widget-divider .elementor-divider__text{direction:rtl}.e-con-inner>.elementor-widget-divider,.e-con>.elementor-widget-divider{width:var(--container-widget-width,100%);--flex-grow:var(--container-widget-flex-grow)}<\/style>\t\t<div class=\"elementor-divider\">\n\t\t\t<span class=\"elementor-divider-separator\">\n\t\t\t\t\t\t<\/span>\n\t\t<\/div>\n\t\t\t\t<\/div>\n\t\t\t\t<\/div>\n\t\t<div class=\"elementor-element elementor-element-ddf00ee e-con-full contactform e-flex e-con e-child\" data-id=\"ddf00ee\" data-element_type=\"container\">\n\t\t<div class=\"elementor-element elementor-element-b43fb07 e-con-full e-flex e-con e-child\" data-id=\"b43fb07\" data-element_type=\"container\">\n\t\t<div class=\"elementor-element elementor-element-b74f565 e-con-full e-flex e-con e-child\" data-id=\"b74f565\" data-element_type=\"container\" data-settings=\"{&quot;background_background&quot;:&quot;classic&quot;}\">\n\t\t\t\t<div class=\"elementor-element elementor-element-7e3cce2 elementor-widget elementor-widget-heading\" data-id=\"7e3cce2\" data-element_type=\"widget\" data-widget_type=\"heading.default\">\n\t\t\t\t<div class=\"elementor-widget-container\">\n\t\t\t<style>\/*! elementor - v3.23.0 - 05-08-2024 *\/\n.elementor-heading-title{padding:0;margin:0;line-height:1}.elementor-widget-heading .elementor-heading-title[class*=elementor-size-]>a{color:inherit;font-size:inherit;line-height:inherit}.elementor-widget-heading .elementor-heading-title.elementor-size-small{font-size:15px}.elementor-widget-heading .elementor-heading-title.elementor-size-medium{font-size:19px}.elementor-widget-heading .elementor-heading-title.elementor-size-large{font-size:29px}.elementor-widget-heading .elementor-heading-title.elementor-size-xl{font-size:39px}.elementor-widget-heading .elementor-heading-title.elementor-size-xxl{font-size:59px}<\/style><h2 class=\"elementor-heading-title elementor-size-default\">Commen\u00e7ons<\/h2>\t\t<\/div>\n\t\t\t\t<\/div>\n\t\t\t\t<div class=\"elementor-element elementor-element-bcab9ee elementor-widget elementor-widget-text-editor\" data-id=\"bcab9ee\" data-element_type=\"widget\" data-widget_type=\"text-editor.default\">\n\t\t\t\t<div class=\"elementor-widget-container\">\n\t\t\t<style>\/*! elementor - v3.23.0 - 05-08-2024 *\/\n.elementor-widget-text-editor.elementor-drop-cap-view-stacked .elementor-drop-cap{background-color:#69727d;color:#fff}.elementor-widget-text-editor.elementor-drop-cap-view-framed .elementor-drop-cap{color:#69727d;border:3px solid;background-color:transparent}.elementor-widget-text-editor:not(.elementor-drop-cap-view-default) .elementor-drop-cap{margin-top:8px}.elementor-widget-text-editor:not(.elementor-drop-cap-view-default) .elementor-drop-cap-letter{width:1em;height:1em}.elementor-widget-text-editor .elementor-drop-cap{float:left;text-align:center;line-height:1;font-size:50px}.elementor-widget-text-editor .elementor-drop-cap-letter{display:inline-block}<\/style>\t\t\t\t<p>Chez COOLIFY, nous appr\u00e9cions vos commentaires et nous sommes l\u00e0 pour vous aider \u00e0 r\u00e9pondre \u00e0 toutes vos questions.<br \/>\nQue vous cherchiez \u00e0 acheter un produit, que vous ayez besoin d&rsquo;une assistance produit, que vous souhaitiez discuter d&rsquo;un partenariat, explorer les options d&rsquo;achat B2B, collaborer en tant que cr\u00e9ateur de contenu ou influenceur, ou vous renseigner sur les opportunit\u00e9s de carri\u00e8re, notre \u00e9quipe est pr\u00eate \u00e0 vous aider. <\/p>\n\t\t\t\t\t\t<\/div>\n\t\t\t\t<\/div>\n\t\t\t\t<\/div>\n\t\t\t\t<div class=\"elementor-element elementor-element-d44a6a2 elementor-button-align-stretch elementor-widget elementor-widget-form\" data-id=\"d44a6a2\" data-element_type=\"widget\" data-settings=\"{&quot;step_next_label&quot;:&quot;Suivant&quot;,&quot;step_previous_label&quot;:&quot;Pr\\u00e9c\\u00e9dent&quot;,&quot;button_width&quot;:&quot;100&quot;,&quot;step_type&quot;:&quot;number_text&quot;,&quot;step_icon_shape&quot;:&quot;circle&quot;}\" data-widget_type=\"form.default\">\n\t\t\t\t<div class=\"elementor-widget-container\">\n\t\t\t\t\t<form class=\"elementor-form\" method=\"post\" name=\"Contactez nous\">\n\t\t\t<input type=\"hidden\" name=\"post_id\" value=\"17508\"\/>\n\t\t\t<input type=\"hidden\" name=\"form_id\" value=\"d44a6a2\"\/>\n\t\t\t<input type=\"hidden\" name=\"referer_title\" value=\"COOLIFY\" \/>\n\n\t\t\t\n\t\t\t<div class=\"elementor-form-fields-wrapper elementor-labels-\">\n\t\t\t\t\t\t\t\t<div class=\"elementor-field-type-text elementor-field-group elementor-column elementor-field-group-name elementor-col-100 elementor-field-required\">\n\t\t\t\t\t\t\t\t\t\t\t\t\t<input size=\"1\" type=\"text\" name=\"form_fields[name]\" id=\"form-field-name\" class=\"elementor-field elementor-size-md  elementor-field-textual\" placeholder=\"Nom\" required=\"required\" aria-required=\"true\">\n\t\t\t\t\t\t\t\t\t\t\t<\/div>\n\t\t\t\t\t\t\t\t<div class=\"elementor-field-type-email elementor-field-group elementor-column elementor-field-group-email elementor-col-100 elementor-field-required\">\n\t\t\t\t\t\t\t\t\t\t\t\t\t<input size=\"1\" type=\"email\" name=\"form_fields[email]\" id=\"form-field-email\" class=\"elementor-field elementor-size-md  elementor-field-textual\" placeholder=\"Courriel\" required=\"required\" aria-required=\"true\">\n\t\t\t\t\t\t\t\t\t\t\t<\/div>\n\t\t\t\t\t\t\t\t<div class=\"elementor-field-type-text elementor-field-group elementor-column elementor-field-group-message elementor-col-100 elementor-field-required\">\n\t\t\t\t\t\t\t\t\t\t\t\t\t<input size=\"1\" type=\"text\" name=\"form_fields[message]\" id=\"form-field-message\" class=\"elementor-field elementor-size-md  elementor-field-textual\" placeholder=\"Sujet\" required=\"required\" aria-required=\"true\">\n\t\t\t\t\t\t\t\t\t\t\t<\/div>\n\t\t\t\t\t\t\t\t<div class=\"elementor-field-type-textarea elementor-field-group elementor-column elementor-field-group-field_253626b elementor-col-100 elementor-field-required\">\n\t\t\t\t\t<textarea class=\"elementor-field-textual elementor-field  elementor-size-md\" name=\"form_fields[field_253626b]\" id=\"form-field-field_253626b\" rows=\"5\" placeholder=\"Message\" required=\"required\" aria-required=\"true\"><\/textarea>\t\t\t\t<\/div>\n\t\t\t\t\t\t\t\t<div class=\"elementor-field-group elementor-column elementor-field-type-submit elementor-col-100 e-form__buttons\">\n\t\t\t\t\t<button class=\"elementor-button elementor-size-sm\" type=\"submit\">\n\t\t\t\t\t\t<span class=\"elementor-button-content-wrapper\">\n\t\t\t\t\t\t\t\t\t\t\t\t\t\t\t\t\t\t\t\t\t\t<span class=\"elementor-button-text\">Envoyer<\/span>\n\t\t\t\t\t\t\t\t\t\t\t\t\t<\/span>\n\t\t\t\t\t<\/button>\n\t\t\t\t<\/div>\n\t\t\t<\/div>\n\t\t<\/form>\n\t\t\t\t<\/div>\n\t\t\t\t<\/div>\n\t\t\t\t<\/div>\n\t\t\t\t<\/div>\n\t\t\t\t\t<\/div>\n\t\t\t\t<\/div>\n\t\t\t\t<\/div>\n\t\t","protected":false},"excerpt":{"rendered":"<p>Commen\u00e7ons Chez COOLIFY, nous appr\u00e9cions vos commentaires et nous sommes l\u00e0 pour vous aider \u00e0 r\u00e9pondre \u00e0 toutes vos questions. Que vous cherchiez \u00e0 acheter un produit, que vous ayez besoin d&rsquo;une assistance produit, que vous souhaitiez discuter d&rsquo;un partenariat, explorer les options d&rsquo;achat B2B, collaborer en tant que cr\u00e9ateur de contenu ou influenceur, ou [&hellip;]<\/p>\n","protected":false},"author":2,"featured_media":0,"parent":0,"menu_order":0,"comment_status":"closed","ping_status":"closed","template":"elementor_header_footer","meta":{"inline_featured_image":false,"footnotes":""},"class_list":["post-17508","page","type-page","status-publish","hentry"],"yoast_head":"<!-- This site is optimized with the Yoast SEO plugin v23.4 - https:\/\/yoast.com\/wordpress\/plugins\/seo\/ -->\n<title>Contactez nous - COOLIFY<\/title>\n<meta name=\"robots\" content=\"index, follow, max-snippet:-1, max-image-preview:large, max-video-preview:-1\" \/>\n<link rel=\"canonical\" href=\"https:\/\/coolifycool.com\/fr\/contactez-nous\/\" \/>\n<meta property=\"og:locale\" content=\"fr_FR\" \/>\n<meta property=\"og:type\" content=\"article\" \/>\n<meta property=\"og:title\" content=\"Contactez nous - COOLIFY\" \/>\n<meta property=\"og:description\" content=\"Commen\u00e7ons Chez COOLIFY, nous appr\u00e9cions vos commentaires et nous sommes l\u00e0 pour vous aider \u00e0 r\u00e9pondre \u00e0 toutes vos questions. Que vous cherchiez \u00e0 acheter un produit, que vous ayez besoin d&rsquo;une assistance produit, que vous souhaitiez discuter d&rsquo;un partenariat, explorer les options d&rsquo;achat B2B, collaborer en tant que cr\u00e9ateur de contenu ou influenceur, ou [&hellip;]\" \/>\n<meta property=\"og:url\" content=\"https:\/\/coolifycool.com\/fr\/contactez-nous\/\" \/>\n<meta property=\"og:site_name\" content=\"COOLIFY\" \/>\n<meta property=\"article:modified_time\" content=\"2024-12-18T06:13:11+00:00\" \/>\n<meta name=\"twitter:card\" content=\"summary_large_image\" \/>\n<script type=\"application\/ld+json\" class=\"yoast-schema-graph\">{\"@context\":\"https:\/\/schema.org\",\"@graph\":[{\"@type\":\"Article\",\"@id\":\"https:\/\/coolifycool.com\/fr\/contactez-nous\/#article\",\"isPartOf\":{\"@id\":\"https:\/\/coolifycool.com\/fr\/contactez-nous\/\"},\"author\":{\"name\":\"admin\",\"@id\":\"https:\/\/coolifycool.com\/fr\/#\/schema\/person\/a538e2cd677217fa88bf2dbfecc34ecd\"},\"headline\":\"Contactez nous\",\"datePublished\":\"2023-11-19T21:44:10+00:00\",\"dateModified\":\"2024-12-18T06:13:11+00:00\",\"mainEntityOfPage\":{\"@id\":\"https:\/\/coolifycool.com\/fr\/contactez-nous\/\"},\"wordCount\":78,\"publisher\":{\"@id\":\"https:\/\/coolifycool.com\/fr\/#organization\"},\"inLanguage\":\"fr-FR\"},{\"@type\":\"WebPage\",\"@id\":\"https:\/\/coolifycool.com\/fr\/contactez-nous\/\",\"url\":\"https:\/\/coolifycool.com\/fr\/contactez-nous\/\",\"name\":\"Contactez nous - COOLIFY\",\"isPartOf\":{\"@id\":\"https:\/\/coolifycool.com\/fr\/#website\"},\"datePublished\":\"2023-11-19T21:44:10+00:00\",\"dateModified\":\"2024-12-18T06:13:11+00:00\",\"breadcrumb\":{\"@id\":\"https:\/\/coolifycool.com\/fr\/contactez-nous\/#breadcrumb\"},\"inLanguage\":\"fr-FR\",\"potentialAction\":[{\"@type\":\"ReadAction\",\"target\":[\"https:\/\/coolifycool.com\/fr\/contactez-nous\/\"]}]},{\"@type\":\"BreadcrumbList\",\"@id\":\"https:\/\/coolifycool.com\/fr\/contactez-nous\/#breadcrumb\",\"itemListElement\":[{\"@type\":\"ListItem\",\"position\":1,\"name\":\"\u9996\u9801\",\"item\":\"https:\/\/coolifycool.com\/fr\/\"},{\"@type\":\"ListItem\",\"position\":2,\"name\":\"Contactez nous\"}]},{\"@type\":\"WebSite\",\"@id\":\"https:\/\/coolifycool.com\/fr\/#website\",\"url\":\"https:\/\/coolifycool.com\/fr\/\",\"name\":\"COOLIFY\",\"description\":\"Hologram 3D Fan\",\"publisher\":{\"@id\":\"https:\/\/coolifycool.com\/fr\/#organization\"},\"alternateName\":\"Hologram 3D Fan\",\"potentialAction\":[{\"@type\":\"SearchAction\",\"target\":{\"@type\":\"EntryPoint\",\"urlTemplate\":\"https:\/\/coolifycool.com\/fr\/?s={search_term_string}\"},\"query-input\":{\"@type\":\"PropertyValueSpecification\",\"valueRequired\":true,\"valueName\":\"search_term_string\"}}],\"inLanguage\":\"fr-FR\"},{\"@type\":\"Organization\",\"@id\":\"https:\/\/coolifycool.com\/fr\/#organization\",\"name\":\"COOLIFY\",\"url\":\"https:\/\/coolifycool.com\/fr\/\",\"logo\":{\"@type\":\"ImageObject\",\"inLanguage\":\"fr-FR\",\"@id\":\"https:\/\/coolifycool.com\/fr\/#\/schema\/logo\/image\/\",\"url\":\"https:\/\/coolifycool.com\/wp-content\/uploads\/2025\/10\/logo-2.png\",\"contentUrl\":\"https:\/\/coolifycool.com\/wp-content\/uploads\/2025\/10\/logo-2.png\",\"width\":417,\"height\":100,\"caption\":\"COOLIFY\"},\"image\":{\"@id\":\"https:\/\/coolifycool.com\/fr\/#\/schema\/logo\/image\/\"}},{\"@type\":\"Person\",\"@id\":\"https:\/\/coolifycool.com\/fr\/#\/schema\/person\/a538e2cd677217fa88bf2dbfecc34ecd\",\"name\":\"admin\",\"image\":{\"@type\":\"ImageObject\",\"inLanguage\":\"fr-FR\",\"@id\":\"https:\/\/coolifycool.com\/fr\/#\/schema\/person\/image\/\",\"url\":\"https:\/\/secure.gravatar.com\/avatar\/d34825a480258f42ad328253317b580b5b8b943184de2496896e7c6f4af6c56d?s=96&d=mm&r=g\",\"contentUrl\":\"https:\/\/secure.gravatar.com\/avatar\/d34825a480258f42ad328253317b580b5b8b943184de2496896e7c6f4af6c56d?s=96&d=mm&r=g\",\"caption\":\"admin\"},\"sameAs\":[\"https:\/\/coolifycool.com\"],\"url\":\"https:\/\/coolifycool.com\/fr\/author\/admin\/\"}]}<\/script>\n<!-- \/ Yoast SEO plugin. -->","yoast_head_json":{"title":"Contactez nous - COOLIFY","robots":{"index":"index","follow":"follow","max-snippet":"max-snippet:-1","max-image-preview":"max-image-preview:large","max-video-preview":"max-video-preview:-1"},"canonical":"https:\/\/coolifycool.com\/fr\/contactez-nous\/","og_locale":"fr_FR","og_type":"article","og_title":"Contactez nous - COOLIFY","og_description":"Commen\u00e7ons Chez COOLIFY, nous appr\u00e9cions vos commentaires et nous sommes l\u00e0 pour vous aider \u00e0 r\u00e9pondre \u00e0 toutes vos questions. Que vous cherchiez \u00e0 acheter un produit, que vous ayez besoin d&rsquo;une assistance produit, que vous souhaitiez discuter d&rsquo;un partenariat, explorer les options d&rsquo;achat B2B, collaborer en tant que cr\u00e9ateur de contenu ou influenceur, ou [&hellip;]","og_url":"https:\/\/coolifycool.com\/fr\/contactez-nous\/","og_site_name":"COOLIFY","article_modified_time":"2024-12-18T06:13:11+00:00","twitter_card":"summary_large_image","schema":{"@context":"https:\/\/schema.org","@graph":[{"@type":"Article","@id":"https:\/\/coolifycool.com\/fr\/contactez-nous\/#article","isPartOf":{"@id":"https:\/\/coolifycool.com\/fr\/contactez-nous\/"},"author":{"name":"admin","@id":"https:\/\/coolifycool.com\/fr\/#\/schema\/person\/a538e2cd677217fa88bf2dbfecc34ecd"},"headline":"Contactez nous","datePublished":"2023-11-19T21:44:10+00:00","dateModified":"2024-12-18T06:13:11+00:00","mainEntityOfPage":{"@id":"https:\/\/coolifycool.com\/fr\/contactez-nous\/"},"wordCount":78,"publisher":{"@id":"https:\/\/coolifycool.com\/fr\/#organization"},"inLanguage":"fr-FR"},{"@type":"WebPage","@id":"https:\/\/coolifycool.com\/fr\/contactez-nous\/","url":"https:\/\/coolifycool.com\/fr\/contactez-nous\/","name":"Contactez nous - COOLIFY","isPartOf":{"@id":"https:\/\/coolifycool.com\/fr\/#website"},"datePublished":"2023-11-19T21:44:10+00:00","dateModified":"2024-12-18T06:13:11+00:00","breadcrumb":{"@id":"https:\/\/coolifycool.com\/fr\/contactez-nous\/#breadcrumb"},"inLanguage":"fr-FR","potentialAction":[{"@type":"ReadAction","target":["https:\/\/coolifycool.com\/fr\/contactez-nous\/"]}]},{"@type":"BreadcrumbList","@id":"https:\/\/coolifycool.com\/fr\/contactez-nous\/#breadcrumb","itemListElement":[{"@type":"ListItem","position":1,"name":"\u9996\u9801","item":"https:\/\/coolifycool.com\/fr\/"},{"@type":"ListItem","position":2,"name":"Contactez nous"}]},{"@type":"WebSite","@id":"https:\/\/coolifycool.com\/fr\/#website","url":"https:\/\/coolifycool.com\/fr\/","name":"COOLIFY","description":"Hologram 3D Fan","publisher":{"@id":"https:\/\/coolifycool.com\/fr\/#organization"},"alternateName":"Hologram 3D Fan","potentialAction":[{"@type":"SearchAction","target":{"@type":"EntryPoint","urlTemplate":"https:\/\/coolifycool.com\/fr\/?s={search_term_string}"},"query-input":{"@type":"PropertyValueSpecification","valueRequired":true,"valueName":"search_term_string"}}],"inLanguage":"fr-FR"},{"@type":"Organization","@id":"https:\/\/coolifycool.com\/fr\/#organization","name":"COOLIFY","url":"https:\/\/coolifycool.com\/fr\/","logo":{"@type":"ImageObject","inLanguage":"fr-FR","@id":"https:\/\/coolifycool.com\/fr\/#\/schema\/logo\/image\/","url":"https:\/\/coolifycool.com\/wp-content\/uploads\/2025\/10\/logo-2.png","contentUrl":"https:\/\/coolifycool.com\/wp-content\/uploads\/2025\/10\/logo-2.png","width":417,"height":100,"caption":"COOLIFY"},"image":{"@id":"https:\/\/coolifycool.com\/fr\/#\/schema\/logo\/image\/"}},{"@type":"Person","@id":"https:\/\/coolifycool.com\/fr\/#\/schema\/person\/a538e2cd677217fa88bf2dbfecc34ecd","name":"admin","image":{"@type":"ImageObject","inLanguage":"fr-FR","@id":"https:\/\/coolifycool.com\/fr\/#\/schema\/person\/image\/","url":"https:\/\/secure.gravatar.com\/avatar\/d34825a480258f42ad328253317b580b5b8b943184de2496896e7c6f4af6c56d?s=96&d=mm&r=g","contentUrl":"https:\/\/secure.gravatar.com\/avatar\/d34825a480258f42ad328253317b580b5b8b943184de2496896e7c6f4af6c56d?s=96&d=mm&r=g","caption":"admin"},"sameAs":["https:\/\/coolifycool.com"],"url":"https:\/\/coolifycool.com\/fr\/author\/admin\/"}]}},"_links":{"self":[{"href":"https:\/\/coolifycool.com\/fr\/wp-json\/wp\/v2\/pages\/17508","targetHints":{"allow":["GET"]}}],"collection":[{"href":"https:\/\/coolifycool.com\/fr\/wp-json\/wp\/v2\/pages"}],"about":[{"href":"https:\/\/coolifycool.com\/fr\/wp-json\/wp\/v2\/types\/page"}],"author":[{"embeddable":true,"href":"https:\/\/coolifycool.com\/fr\/wp-json\/wp\/v2\/users\/2"}],"replies":[{"embeddable":true,"href":"https:\/\/coolifycool.com\/fr\/wp-json\/wp\/v2\/comments?post=17508"}],"version-history":[{"count":12,"href":"https:\/\/coolifycool.com\/fr\/wp-json\/wp\/v2\/pages\/17508\/revisions"}],"predecessor-version":[{"id":25019,"href":"https:\/\/coolifycool.com\/fr\/wp-json\/wp\/v2\/pages\/17508\/revisions\/25019"}],"wp:attachment":[{"href":"https:\/\/coolifycool.com\/fr\/wp-json\/wp\/v2\/media?parent=17508"}],"curies":[{"name":"wp","href":"https:\/\/api.w.org\/{rel}","templated":true}]}}