{"id":19260,"date":"2024-09-26T14:01:39","date_gmt":"2024-09-26T06:01:39","guid":{"rendered":"https:\/\/coolifycool.com\/?page_id=19260"},"modified":"2024-09-26T14:01:40","modified_gmt":"2024-09-26T06:01:40","slug":"faq-3","status":"publish","type":"page","link":"https:\/\/coolifycool.com\/fr\/faq-3\/","title":{"rendered":"FAQ"},"content":{"rendered":"\t\t<div data-elementor-type=\"wp-page\" data-elementor-id=\"19260\" class=\"elementor elementor-19260 elementor-19257\" data-elementor-post-type=\"page\">\n\t\t\t\t<div class=\"elementor-element elementor-element-3dd8278 e-con-full pagetitle e-flex e-con e-parent\" data-id=\"3dd8278\" data-element_type=\"container\" data-settings=\"{&quot;background_background&quot;:&quot;classic&quot;,&quot;background_motion_fx_motion_fx_scrolling&quot;:&quot;yes&quot;,&quot;background_motion_fx_scale_effect&quot;:&quot;yes&quot;,&quot;background_motion_fx_scale_range&quot;:{&quot;unit&quot;:&quot;%&quot;,&quot;size&quot;:&quot;&quot;,&quot;sizes&quot;:{&quot;start&quot;:50,&quot;end&quot;:100}},&quot;background_motion_fx_scale_direction&quot;:&quot;out-in&quot;,&quot;background_motion_fx_scale_speed&quot;:{&quot;unit&quot;:&quot;px&quot;,&quot;size&quot;:4,&quot;sizes&quot;:[]},&quot;background_motion_fx_devices&quot;:[&quot;desktop&quot;,&quot;tablet_extra&quot;,&quot;tablet&quot;,&quot;mobile_extra&quot;,&quot;mobile&quot;]}\">\n\t\t\t\t<\/div>\n\t\t<div class=\"elementor-element elementor-element-8544a3d e-con-full firstscreen e-flex e-con e-parent\" data-id=\"8544a3d\" data-element_type=\"container\" data-settings=\"{&quot;background_background&quot;:&quot;classic&quot;}\">\n\t\t<div class=\"elementor-element elementor-element-d766717 e-flex e-con-boxed e-con e-child\" data-id=\"d766717\" data-element_type=\"container\" data-settings=\"{&quot;background_background&quot;:&quot;classic&quot;}\">\n\t\t\t\t\t<div class=\"e-con-inner\">\n\t\t\t\t\t<\/div>\n\t\t\t\t<\/div>\n\t\t\t\t<\/div>\n\t\t<div class=\"elementor-element elementor-element-475a219 faq e-flex e-con-boxed e-con e-parent\" data-id=\"475a219\" data-element_type=\"container\">\n\t\t\t\t\t<div class=\"e-con-inner\">\n\t\t<div class=\"elementor-element elementor-element-a486eb4 e-flex e-con-boxed e-con e-child\" data-id=\"a486eb4\" data-element_type=\"container\">\n\t\t\t\t\t<div class=\"e-con-inner\">\n\t\t\t\t<div class=\"elementor-element elementor-element-e77aec8 elementor-widget__width-initial elementor-widget elementor-widget-text-editor\" data-id=\"e77aec8\" data-element_type=\"widget\" data-widget_type=\"text-editor.default\">\n\t\t\t\t<div class=\"elementor-widget-container\">\n\t\t\t<style>\/*! elementor - v3.23.0 - 05-08-2024 *\/\n.elementor-widget-text-editor.elementor-drop-cap-view-stacked .elementor-drop-cap{background-color:#69727d;color:#fff}.elementor-widget-text-editor.elementor-drop-cap-view-framed .elementor-drop-cap{color:#69727d;border:3px solid;background-color:transparent}.elementor-widget-text-editor:not(.elementor-drop-cap-view-default) .elementor-drop-cap{margin-top:8px}.elementor-widget-text-editor:not(.elementor-drop-cap-view-default) .elementor-drop-cap-letter{width:1em;height:1em}.elementor-widget-text-editor .elementor-drop-cap{float:left;text-align:center;line-height:1;font-size:50px}.elementor-widget-text-editor .elementor-drop-cap-letter{display:inline-block}<\/style>\t\t\t\t<p style=\"text-align: center;\">Bienvenue sur la page FAQ de COOLIFY.<br \/>\nVous y trouverez les r\u00e9ponses aux questions les plus courantes sur nos produits et services.<br \/>\nSi vous ne trouvez pas la r\u00e9ponse que vous cherchez, n&rsquo;h\u00e9sitez pas \u00e0 nous contacter.  <\/p>\n\t\t\t\t\t\t<\/div>\n\t\t\t\t<\/div>\n\t\t\t\t<div class=\"elementor-element elementor-element-9608671 elementor-widget__width-initial elementor-widget elementor-widget-text-editor\" data-id=\"9608671\" data-element_type=\"widget\" data-widget_type=\"text-editor.default\">\n\t\t\t\t<div class=\"elementor-widget-container\">\n\t\t\t\t\t\t\t<p style=\"text-align: center;\">Your warranty claim: Warranty period (years) : 1<\/p>\n\t\t\t\t\t\t<\/div>\n\t\t\t\t<\/div>\n\t\t\t\t\t<\/div>\n\t\t\t\t<\/div>\n\t\t<div class=\"elementor-element elementor-element-97678dd e-con-full e-flex e-con e-child\" data-id=\"97678dd\" data-element_type=\"container\">\n\t\t\t\t<div class=\"elementor-element elementor-element-4e57182 qacategory elementor-widget elementor-widget-heading\" data-id=\"4e57182\" data-element_type=\"widget\" data-widget_type=\"heading.default\">\n\t\t\t\t<div class=\"elementor-widget-container\">\n\t\t\t<style>\/*! elementor - v3.23.0 - 05-08-2024 *\/\n.elementor-heading-title{padding:0;margin:0;line-height:1}.elementor-widget-heading .elementor-heading-title[class*=elementor-size-]>a{color:inherit;font-size:inherit;line-height:inherit}.elementor-widget-heading .elementor-heading-title.elementor-size-small{font-size:15px}.elementor-widget-heading .elementor-heading-title.elementor-size-medium{font-size:19px}.elementor-widget-heading .elementor-heading-title.elementor-size-large{font-size:29px}.elementor-widget-heading .elementor-heading-title.elementor-size-xl{font-size:39px}.elementor-widget-heading .elementor-heading-title.elementor-size-xxl{font-size:59px}<\/style><h3 class=\"elementor-heading-title elementor-size-default\">Questions g\u00e9n\u00e9rales<\/h3>\t\t<\/div>\n\t\t\t\t<\/div>\n\t\t<div class=\"elementor-element elementor-element-fcc1b5c e-con-full e-flex e-con e-child\" data-id=\"fcc1b5c\" data-element_type=\"container\">\n\t\t\t\t<div class=\"elementor-element elementor-element-6bc3308 elementor-widget elementor-widget-text-editor\" data-id=\"6bc3308\" data-element_type=\"widget\" data-widget_type=\"text-editor.default\">\n\t\t\t\t<div class=\"elementor-widget-container\">\n\t\t\t\t\t\t\t<p>R : COOLIFY est une entreprise technologique qui se consacre \u00e0 la cr\u00e9ation de solutions de refroidissement innovantes et performantes pour les joueurs.<br \/>\nNotre produit phare, le Holo Fan, int\u00e8gre un dispositif de projection d&rsquo;hologrammes pour am\u00e9liorer votre exp\u00e9rience de jeu. <\/p>\n\t\t\t\t\t\t<\/div>\n\t\t\t\t<\/div>\n\t\t\t\t<\/div>\n\t\t\t\t<\/div>\n\t\t<div class=\"elementor-element elementor-element-26a35d6 e-con-full e-flex e-con e-child\" data-id=\"26a35d6\" data-element_type=\"container\">\n\t\t\t\t<div class=\"elementor-element elementor-element-e0bdd7e qacategory elementor-widget elementor-widget-heading\" data-id=\"e0bdd7e\" data-element_type=\"widget\" data-widget_type=\"heading.default\">\n\t\t\t\t<div class=\"elementor-widget-container\">\n\t\t\t<h3 class=\"elementor-heading-title elementor-size-default\">Informations sur le produit<\/h3>\t\t<\/div>\n\t\t\t\t<\/div>\n\t\t<div class=\"elementor-element elementor-element-34b2bbe e-con-full e-flex e-con e-child\" data-id=\"34b2bbe\" data-element_type=\"container\">\n\t\t\t\t<div class=\"elementor-element elementor-element-8198516 elementor-widget elementor-widget-text-editor\" data-id=\"8198516\" data-element_type=\"widget\" data-widget_type=\"text-editor.default\">\n\t\t\t\t<div class=\"elementor-widget-container\">\n\t\t\t\t\t\t\t<p>R : Le Holo Fan est notre produit phare, un ventilateur de refroidissement de pointe qui int\u00e8gre un dispositif de projection d&rsquo;hologrammes.<br \/>\nIl est con\u00e7u pour fournir des performances de refroidissement sup\u00e9rieures tout en ajoutant un \u00e9l\u00e9ment visuel unique \u00e0 votre configuration de jeu.   <\/p>\n\t\t\t\t\t\t<\/div>\n\t\t\t\t<\/div>\n\t\t\t\t<\/div>\n\t\t\t\t<\/div>\n\t\t<div class=\"elementor-element elementor-element-d573525 e-con-full e-flex e-con e-child\" data-id=\"d573525\" data-element_type=\"container\">\n\t\t\t\t<div class=\"elementor-element elementor-element-ea288f2 qacategory elementor-widget elementor-widget-heading\" data-id=\"ea288f2\" data-element_type=\"widget\" data-widget_type=\"heading.default\">\n\t\t\t\t<div class=\"elementor-widget-container\">\n\t\t\t<h3 class=\"elementor-heading-title elementor-size-default\">Achats et commandes<\/h3>\t\t<\/div>\n\t\t\t\t<\/div>\n\t\t<div class=\"elementor-element elementor-element-35f51a1 e-con-full e-flex e-con e-child\" data-id=\"35f51a1\" data-element_type=\"container\">\n\t\t\t\t<div class=\"elementor-element elementor-element-6d2e849 elementor-widget elementor-widget-text-editor\" data-id=\"6d2e849\" data-element_type=\"widget\" data-widget_type=\"text-editor.default\">\n\t\t\t\t<div class=\"elementor-widget-container\">\n\t\t\t\t\t\t\t<p>R : Vous pouvez acheter les produits COOLIFY directement sur notre site Internet ou aupr\u00e8s des d\u00e9taillants agr\u00e9\u00e9s figurant sur notre site Internet.  <\/p>\n\t\t\t\t\t\t<\/div>\n\t\t\t\t<\/div>\n\t\t\t\t<\/div>\n\t\t<div class=\"elementor-element elementor-element-a4fb1ae e-con-full e-flex e-con e-child\" data-id=\"a4fb1ae\" data-element_type=\"container\">\n\t\t\t\t<div class=\"elementor-element elementor-element-6d7312b elementor-widget elementor-widget-text-editor\" data-id=\"6d7312b\" data-element_type=\"widget\" data-widget_type=\"text-editor.default\">\n\t\t\t\t<div class=\"elementor-widget-container\">\n\t\t\t\t\t\t\t<p>R : Nous offrons une politique de retour de 30 jours sur tous les produits COOLIFY.<br \/>\nPour plus de d\u00e9tails, veuillez consulter notre page Politique de retour. <\/p>\n\t\t\t\t\t\t<\/div>\n\t\t\t\t<\/div>\n\t\t\t\t<\/div>\n\t\t\t\t<\/div>\n\t\t<div class=\"elementor-element elementor-element-a5eb1a6 e-con-full e-flex e-con e-child\" data-id=\"a5eb1a6\" data-element_type=\"container\">\n\t\t\t\t<div class=\"elementor-element elementor-element-d6f0d9f qacategory elementor-widget elementor-widget-heading\" data-id=\"d6f0d9f\" data-element_type=\"widget\" data-widget_type=\"heading.default\">\n\t\t\t\t<div class=\"elementor-widget-container\">\n\t\t\t<h3 class=\"elementor-heading-title elementor-size-default\">Assistance et garantie<\/h3>\t\t<\/div>\n\t\t\t\t<\/div>\n\t\t<div class=\"elementor-element elementor-element-bd16579 e-con-full e-flex e-con e-child\" data-id=\"bd16579\" data-element_type=\"container\">\n\t\t\t\t<div class=\"elementor-element elementor-element-2174592 elementor-widget elementor-widget-text-editor\" data-id=\"2174592\" data-element_type=\"widget\" data-widget_type=\"text-editor.default\">\n\t\t\t\t<div class=\"elementor-widget-container\">\n\t\t\t\t\t\t\t<p>R : Vous pouvez contacter notre \u00e9quipe d&rsquo;assistance par courrier \u00e9lectronique \u00e0 l&rsquo;adresse suivante <a href=\"mailto:support@coolifycool.com\" target=\"_blank\" rel=\"noopener\"><span style=\"color: #2d94ed;\">support@coolifycool.com<\/span><\/a>ou par t\u00e9l\u00e9phone au <span style=\"color: #2d94ed;\"><a style=\"color: #2d94ed;\" href=\"tel:+1510498888\" target=\"_blank\" rel=\"noopener\">(510) 498-8888<\/a><\/span>ou par le biais de notre fonction Live Chat disponible sur le site web.  <\/p>\n\t\t\t\t\t\t<\/div>\n\t\t\t\t<\/div>\n\t\t\t\t<\/div>\n\t\t\t\t<\/div>\n\t\t<div class=\"elementor-element elementor-element-5bd3aad e-con-full e-flex e-con e-child\" data-id=\"5bd3aad\" data-element_type=\"container\">\n\t\t\t\t<div class=\"elementor-element elementor-element-715f930 qacategory elementor-widget elementor-widget-heading\" data-id=\"715f930\" data-element_type=\"widget\" data-widget_type=\"heading.default\">\n\t\t\t\t<div class=\"elementor-widget-container\">\n\t\t\t<h3 class=\"elementor-heading-title elementor-size-default\">Partenariats et collaborations<\/h3>\t\t<\/div>\n\t\t\t\t<\/div>\n\t\t<div class=\"elementor-element elementor-element-8030e22 e-con-full e-flex e-con e-child\" data-id=\"8030e22\" data-element_type=\"container\">\n\t\t\t\t<div class=\"elementor-element elementor-element-09a8a23 elementor-widget elementor-widget-text-editor\" data-id=\"09a8a23\" data-element_type=\"widget\" data-widget_type=\"text-editor.default\">\n\t\t\t\t<div class=\"elementor-widget-container\">\n\t\t\t\t\t\t\t<p>R : Nous sommes toujours \u00e0 la recherche d&rsquo;opportunit\u00e9s de partenariat int\u00e9ressantes.<br \/>\nSi vous souhaitez collaborer avec COOLIFY, veuillez nous contacter \u00e0 l&rsquo;adresse suivante <a href=\"mailto:support@coolifycool.com\" target=\"_blank\" rel=\"noopener\"><span style=\"color: #2d94ed;\">support@coolifycool.com<\/span><\/a>.   <\/p>\n\t\t\t\t\t\t<\/div>\n\t\t\t\t<\/div>\n\t\t\t\t<\/div>\n\t\t\t\t<\/div>\n\t\t<div class=\"elementor-element elementor-element-e5d6bca e-con-full e-flex e-con e-child\" data-id=\"e5d6bca\" data-element_type=\"container\">\n\t\t\t\t<div class=\"elementor-element elementor-element-0b6b3c6 qacategory elementor-widget elementor-widget-heading\" data-id=\"0b6b3c6\" data-element_type=\"widget\" data-widget_type=\"heading.default\">\n\t\t\t\t<div class=\"elementor-widget-container\">\n\t\t\t<h3 class=\"elementor-heading-title elementor-size-default\">Services OEM\/ODM<\/h3>\t\t<\/div>\n\t\t\t\t<\/div>\n\t\t<div class=\"elementor-element elementor-element-4c633b4 e-con-full e-flex e-con e-child\" data-id=\"4c633b4\" data-element_type=\"container\">\n\t\t\t\t<div class=\"elementor-element elementor-element-433cee5 elementor-widget elementor-widget-text-editor\" data-id=\"433cee5\" data-element_type=\"widget\" data-widget_type=\"text-editor.default\">\n\t\t\t\t<div class=\"elementor-widget-container\">\n\t\t\t\t\t\t\t<p>R : Oui, COOLIFY propose des services OEM (Original Equipment Manufacturer) et ODM (Original Design Manufacturer).<br \/>\nSi vous souhaitez personnaliser ou d\u00e9velopper des solutions de refroidissement sous votre propre marque, veuillez nous contacter \u00e0 l&rsquo;adresse suivante <a href=\"mailto:support@coolifycool.com\" target=\"_blank\" rel=\"noopener\"><span style=\"color: #2d94ed;\">support@coolifycool.com<\/span><\/a> pour plus d&rsquo;informations sur nos capacit\u00e9s OEM\/ODM. <\/p>\n\t\t\t\t\t\t<\/div>\n\t\t\t\t<\/div>\n\t\t\t\t<\/div>\n\t\t<div class=\"elementor-element elementor-element-4d0c410 e-con-full e-flex e-con e-child\" data-id=\"4d0c410\" data-element_type=\"container\">\n\t\t\t\t<div class=\"elementor-element elementor-element-41c892f elementor-widget elementor-widget-text-editor\" data-id=\"41c892f\" data-element_type=\"widget\" data-widget_type=\"text-editor.default\">\n\t\t\t\t<div class=\"elementor-widget-container\">\n\t\t\t\t\t\t\t<p>\u00a9 2024 COOLIFY, USA<\/p>\n\t\t\t\t\t\t<\/div>\n\t\t\t\t<\/div>\n\t\t\t\t<\/div>\n\t\t\t\t<\/div>\n\t\t\t\t\t<\/div>\n\t\t\t\t<\/div>\n\t\t\t\t<\/div>\n\t\t","protected":false},"excerpt":{"rendered":"<p>Bienvenue sur la page FAQ de COOLIFY. Vous y trouverez les r\u00e9ponses aux questions les plus courantes sur nos produits et services. Si vous ne trouvez pas la r\u00e9ponse que vous cherchez, n&rsquo;h\u00e9sitez pas \u00e0 nous contacter. Your warranty claim: Warranty period (years) : 1 Questions g\u00e9n\u00e9rales R : COOLIFY est une entreprise technologique qui [&hellip;]<\/p>\n","protected":false},"author":3,"featured_media":0,"parent":0,"menu_order":0,"comment_status":"closed","ping_status":"closed","template":"elementor_header_footer","meta":{"inline_featured_image":false,"footnotes":""},"class_list":["post-19260","page","type-page","status-publish","hentry"],"yoast_head":"<!-- This site is optimized with the Yoast SEO plugin v23.4 - https:\/\/yoast.com\/wordpress\/plugins\/seo\/ -->\n<title>FAQ - COOLIFY<\/title>\n<meta name=\"robots\" content=\"index, follow, max-snippet:-1, max-image-preview:large, max-video-preview:-1\" \/>\n<link rel=\"canonical\" href=\"https:\/\/coolifycool.com\/fr\/faq-3\/\" \/>\n<meta property=\"og:locale\" content=\"fr_FR\" \/>\n<meta property=\"og:type\" content=\"article\" \/>\n<meta property=\"og:title\" content=\"FAQ - COOLIFY\" \/>\n<meta property=\"og:description\" content=\"Bienvenue sur la page FAQ de COOLIFY. Vous y trouverez les r\u00e9ponses aux questions les plus courantes sur nos produits et services. Si vous ne trouvez pas la r\u00e9ponse que vous cherchez, n&rsquo;h\u00e9sitez pas \u00e0 nous contacter. Your warranty claim: Warranty period (years) : 1 Questions g\u00e9n\u00e9rales R : COOLIFY est une entreprise technologique qui [&hellip;]\" \/>\n<meta property=\"og:url\" content=\"https:\/\/coolifycool.com\/fr\/faq-3\/\" \/>\n<meta property=\"og:site_name\" content=\"COOLIFY\" \/>\n<meta property=\"article:modified_time\" content=\"2024-09-26T06:01:40+00:00\" \/>\n<meta name=\"twitter:card\" content=\"summary_large_image\" \/>\n<meta name=\"twitter:label1\" content=\"Dur\u00e9e de lecture estim\u00e9e\" \/>\n\t<meta name=\"twitter:data1\" content=\"2 minutes\" \/>\n<script type=\"application\/ld+json\" class=\"yoast-schema-graph\">{\"@context\":\"https:\/\/schema.org\",\"@graph\":[{\"@type\":\"Article\",\"@id\":\"https:\/\/coolifycool.com\/fr\/faq-3\/#article\",\"isPartOf\":{\"@id\":\"https:\/\/coolifycool.com\/fr\/faq-3\/\"},\"author\":{\"name\":\"jason\",\"@id\":\"https:\/\/coolifycool.com\/fr\/#\/schema\/person\/803384f58f7cc98a8fbe3e7b4bd51b6b\"},\"headline\":\"FAQ\",\"datePublished\":\"2024-09-26T06:01:39+00:00\",\"dateModified\":\"2024-09-26T06:01:40+00:00\",\"mainEntityOfPage\":{\"@id\":\"https:\/\/coolifycool.com\/fr\/faq-3\/\"},\"wordCount\":325,\"publisher\":{\"@id\":\"https:\/\/coolifycool.com\/fr\/#organization\"},\"inLanguage\":\"fr-FR\"},{\"@type\":\"WebPage\",\"@id\":\"https:\/\/coolifycool.com\/fr\/faq-3\/\",\"url\":\"https:\/\/coolifycool.com\/fr\/faq-3\/\",\"name\":\"FAQ - COOLIFY\",\"isPartOf\":{\"@id\":\"https:\/\/coolifycool.com\/fr\/#website\"},\"datePublished\":\"2024-09-26T06:01:39+00:00\",\"dateModified\":\"2024-09-26T06:01:40+00:00\",\"breadcrumb\":{\"@id\":\"https:\/\/coolifycool.com\/fr\/faq-3\/#breadcrumb\"},\"inLanguage\":\"fr-FR\",\"potentialAction\":[{\"@type\":\"ReadAction\",\"target\":[\"https:\/\/coolifycool.com\/fr\/faq-3\/\"]}]},{\"@type\":\"BreadcrumbList\",\"@id\":\"https:\/\/coolifycool.com\/fr\/faq-3\/#breadcrumb\",\"itemListElement\":[{\"@type\":\"ListItem\",\"position\":1,\"name\":\"\u9996\u9801\",\"item\":\"https:\/\/coolifycool.com\/fr\/\"},{\"@type\":\"ListItem\",\"position\":2,\"name\":\"FAQ\"}]},{\"@type\":\"WebSite\",\"@id\":\"https:\/\/coolifycool.com\/fr\/#website\",\"url\":\"https:\/\/coolifycool.com\/fr\/\",\"name\":\"COOLIFY\",\"description\":\"Hologram 3D Fan\",\"publisher\":{\"@id\":\"https:\/\/coolifycool.com\/fr\/#organization\"},\"alternateName\":\"Hologram 3D Fan\",\"potentialAction\":[{\"@type\":\"SearchAction\",\"target\":{\"@type\":\"EntryPoint\",\"urlTemplate\":\"https:\/\/coolifycool.com\/fr\/?s={search_term_string}\"},\"query-input\":{\"@type\":\"PropertyValueSpecification\",\"valueRequired\":true,\"valueName\":\"search_term_string\"}}],\"inLanguage\":\"fr-FR\"},{\"@type\":\"Organization\",\"@id\":\"https:\/\/coolifycool.com\/fr\/#organization\",\"name\":\"COOLIFY\",\"url\":\"https:\/\/coolifycool.com\/fr\/\",\"logo\":{\"@type\":\"ImageObject\",\"inLanguage\":\"fr-FR\",\"@id\":\"https:\/\/coolifycool.com\/fr\/#\/schema\/logo\/image\/\",\"url\":\"https:\/\/coolifycool.com\/wp-content\/uploads\/2025\/10\/logo-2.png\",\"contentUrl\":\"https:\/\/coolifycool.com\/wp-content\/uploads\/2025\/10\/logo-2.png\",\"width\":417,\"height\":100,\"caption\":\"COOLIFY\"},\"image\":{\"@id\":\"https:\/\/coolifycool.com\/fr\/#\/schema\/logo\/image\/\"}},{\"@type\":\"Person\",\"@id\":\"https:\/\/coolifycool.com\/fr\/#\/schema\/person\/803384f58f7cc98a8fbe3e7b4bd51b6b\",\"name\":\"jason\",\"image\":{\"@type\":\"ImageObject\",\"inLanguage\":\"fr-FR\",\"@id\":\"https:\/\/coolifycool.com\/fr\/#\/schema\/person\/image\/\",\"url\":\"https:\/\/secure.gravatar.com\/avatar\/617aed13c66077c107899ade80f4131d422b72d638e6b3eeadf0a3a32a474115?s=96&d=mm&r=g\",\"contentUrl\":\"https:\/\/secure.gravatar.com\/avatar\/617aed13c66077c107899ade80f4131d422b72d638e6b3eeadf0a3a32a474115?s=96&d=mm&r=g\",\"caption\":\"jason\"},\"url\":\"https:\/\/coolifycool.com\/fr\/author\/jason\/\"}]}<\/script>\n<!-- \/ Yoast SEO plugin. -->","yoast_head_json":{"title":"FAQ - COOLIFY","robots":{"index":"index","follow":"follow","max-snippet":"max-snippet:-1","max-image-preview":"max-image-preview:large","max-video-preview":"max-video-preview:-1"},"canonical":"https:\/\/coolifycool.com\/fr\/faq-3\/","og_locale":"fr_FR","og_type":"article","og_title":"FAQ - COOLIFY","og_description":"Bienvenue sur la page FAQ de COOLIFY. Vous y trouverez les r\u00e9ponses aux questions les plus courantes sur nos produits et services. Si vous ne trouvez pas la r\u00e9ponse que vous cherchez, n&rsquo;h\u00e9sitez pas \u00e0 nous contacter. Your warranty claim: Warranty period (years) : 1 Questions g\u00e9n\u00e9rales R : COOLIFY est une entreprise technologique qui [&hellip;]","og_url":"https:\/\/coolifycool.com\/fr\/faq-3\/","og_site_name":"COOLIFY","article_modified_time":"2024-09-26T06:01:40+00:00","twitter_card":"summary_large_image","twitter_misc":{"Dur\u00e9e de lecture estim\u00e9e":"2 minutes"},"schema":{"@context":"https:\/\/schema.org","@graph":[{"@type":"Article","@id":"https:\/\/coolifycool.com\/fr\/faq-3\/#article","isPartOf":{"@id":"https:\/\/coolifycool.com\/fr\/faq-3\/"},"author":{"name":"jason","@id":"https:\/\/coolifycool.com\/fr\/#\/schema\/person\/803384f58f7cc98a8fbe3e7b4bd51b6b"},"headline":"FAQ","datePublished":"2024-09-26T06:01:39+00:00","dateModified":"2024-09-26T06:01:40+00:00","mainEntityOfPage":{"@id":"https:\/\/coolifycool.com\/fr\/faq-3\/"},"wordCount":325,"publisher":{"@id":"https:\/\/coolifycool.com\/fr\/#organization"},"inLanguage":"fr-FR"},{"@type":"WebPage","@id":"https:\/\/coolifycool.com\/fr\/faq-3\/","url":"https:\/\/coolifycool.com\/fr\/faq-3\/","name":"FAQ - COOLIFY","isPartOf":{"@id":"https:\/\/coolifycool.com\/fr\/#website"},"datePublished":"2024-09-26T06:01:39+00:00","dateModified":"2024-09-26T06:01:40+00:00","breadcrumb":{"@id":"https:\/\/coolifycool.com\/fr\/faq-3\/#breadcrumb"},"inLanguage":"fr-FR","potentialAction":[{"@type":"ReadAction","target":["https:\/\/coolifycool.com\/fr\/faq-3\/"]}]},{"@type":"BreadcrumbList","@id":"https:\/\/coolifycool.com\/fr\/faq-3\/#breadcrumb","itemListElement":[{"@type":"ListItem","position":1,"name":"\u9996\u9801","item":"https:\/\/coolifycool.com\/fr\/"},{"@type":"ListItem","position":2,"name":"FAQ"}]},{"@type":"WebSite","@id":"https:\/\/coolifycool.com\/fr\/#website","url":"https:\/\/coolifycool.com\/fr\/","name":"COOLIFY","description":"Hologram 3D Fan","publisher":{"@id":"https:\/\/coolifycool.com\/fr\/#organization"},"alternateName":"Hologram 3D Fan","potentialAction":[{"@type":"SearchAction","target":{"@type":"EntryPoint","urlTemplate":"https:\/\/coolifycool.com\/fr\/?s={search_term_string}"},"query-input":{"@type":"PropertyValueSpecification","valueRequired":true,"valueName":"search_term_string"}}],"inLanguage":"fr-FR"},{"@type":"Organization","@id":"https:\/\/coolifycool.com\/fr\/#organization","name":"COOLIFY","url":"https:\/\/coolifycool.com\/fr\/","logo":{"@type":"ImageObject","inLanguage":"fr-FR","@id":"https:\/\/coolifycool.com\/fr\/#\/schema\/logo\/image\/","url":"https:\/\/coolifycool.com\/wp-content\/uploads\/2025\/10\/logo-2.png","contentUrl":"https:\/\/coolifycool.com\/wp-content\/uploads\/2025\/10\/logo-2.png","width":417,"height":100,"caption":"COOLIFY"},"image":{"@id":"https:\/\/coolifycool.com\/fr\/#\/schema\/logo\/image\/"}},{"@type":"Person","@id":"https:\/\/coolifycool.com\/fr\/#\/schema\/person\/803384f58f7cc98a8fbe3e7b4bd51b6b","name":"jason","image":{"@type":"ImageObject","inLanguage":"fr-FR","@id":"https:\/\/coolifycool.com\/fr\/#\/schema\/person\/image\/","url":"https:\/\/secure.gravatar.com\/avatar\/617aed13c66077c107899ade80f4131d422b72d638e6b3eeadf0a3a32a474115?s=96&d=mm&r=g","contentUrl":"https:\/\/secure.gravatar.com\/avatar\/617aed13c66077c107899ade80f4131d422b72d638e6b3eeadf0a3a32a474115?s=96&d=mm&r=g","caption":"jason"},"url":"https:\/\/coolifycool.com\/fr\/author\/jason\/"}]}},"_links":{"self":[{"href":"https:\/\/coolifycool.com\/fr\/wp-json\/wp\/v2\/pages\/19260","targetHints":{"allow":["GET"]}}],"collection":[{"href":"https:\/\/coolifycool.com\/fr\/wp-json\/wp\/v2\/pages"}],"about":[{"href":"https:\/\/coolifycool.com\/fr\/wp-json\/wp\/v2\/types\/page"}],"author":[{"embeddable":true,"href":"https:\/\/coolifycool.com\/fr\/wp-json\/wp\/v2\/users\/3"}],"replies":[{"embeddable":true,"href":"https:\/\/coolifycool.com\/fr\/wp-json\/wp\/v2\/comments?post=19260"}],"version-history":[{"count":1,"href":"https:\/\/coolifycool.com\/fr\/wp-json\/wp\/v2\/pages\/19260\/revisions"}],"predecessor-version":[{"id":19270,"href":"https:\/\/coolifycool.com\/fr\/wp-json\/wp\/v2\/pages\/19260\/revisions\/19270"}],"wp:attachment":[{"href":"https:\/\/coolifycool.com\/fr\/wp-json\/wp\/v2\/media?parent=19260"}],"curies":[{"name":"wp","href":"https:\/\/api.w.org\/{rel}","templated":true}]}}